{"id":10080,"date":"2023-11-24T16:27:41","date_gmt":"2023-11-24T14:27:41","guid":{"rendered":"https:\/\/2galsart.gr\/?post_type=product&#038;p=10080"},"modified":"2025-11-03T12:48:45","modified_gmt":"2025-11-03T10:48:45","slug":"be-merry-set-of-4","status":"publish","type":"product","link":"https:\/\/2galsart.gr\/en\/product\/be-merry-set-of-4\/","title":{"rendered":"Be Merry, set of 4"},"content":{"rendered":"","protected":false},"excerpt":{"rendered":"<p><strong data-start=\"527\" data-end=\"577\">Be Merry \u2013 Set of 4 Handmade Macram\u00e9 Ornaments<\/strong><br data-start=\"577\" data-end=\"580\" \/><em data-start=\"582\" data-end=\"592\">Be Merry<\/em> is a set of 4 handmade macram\u00e9 ornaments, designed to add a <strong data-start=\"653\" data-end=\"688\">joyful, cozy, and festive touch<\/strong> to your Christmas d\u00e9cor. Perfect for decorating the tree, garlands, or as a unique gift for loved ones.<\/p>\n","protected":false},"featured_media":10078,"comment_status":"closed","ping_status":"closed","template":"","meta":{"_acf_changed":false},"product_cat":[513],"product_tag":[],"giftcard-category":[],"acf":[],"yoast_head":"<!-- This site is optimized with the Yoast SEO plugin v22.1 - https:\/\/yoast.com\/wordpress\/plugins\/seo\/ -->\n<title>Be Merry, set of 4 - 2GalsArt<\/title>\n<meta name=\"robots\" content=\"index, follow, max-snippet:-1, max-image-preview:large, max-video-preview:-1\" \/>\n<link rel=\"canonical\" href=\"https:\/\/2galsart.gr\/en\/product\/be-merry-set-of-4\/\" \/>\n<meta property=\"og:locale\" content=\"en_US\" \/>\n<meta property=\"og:type\" content=\"article\" \/>\n<meta property=\"og:title\" content=\"Be Merry, set of 4 - 2GalsArt\" \/>\n<meta property=\"og:description\" content=\"Be Merry \u2013 Set of 4 Handmade Macram\u00e9 OrnamentsBe Merry is a set of 4 handmade macram\u00e9 ornaments, designed to add a joyful, cozy, and festive touch to your Christmas d\u00e9cor. Perfect for decorating the tree, garlands, or as a unique gift for loved ones.\" \/>\n<meta property=\"og:url\" content=\"https:\/\/2galsart.gr\/en\/product\/be-merry-set-of-4\/\" \/>\n<meta property=\"og:site_name\" content=\"2GalsArt\" \/>\n<meta property=\"article:publisher\" content=\"https:\/\/www.facebook.com\/2GalsArt\" \/>\n<meta property=\"article:modified_time\" content=\"2025-11-03T10:48:45+00:00\" \/>\n<meta property=\"og:image\" content=\"https:\/\/2galsart.gr\/wp-content\/uploads\/2023\/11\/IMG_4972-scaled.jpg\" \/>\n\t<meta property=\"og:image:width\" content=\"2560\" \/>\n\t<meta property=\"og:image:height\" content=\"2560\" \/>\n\t<meta property=\"og:image:type\" content=\"image\/jpeg\" \/>\n<meta name=\"twitter:card\" content=\"summary_large_image\" \/>\n<meta name=\"twitter:label1\" content=\"Est. reading time\" \/>\n\t<meta name=\"twitter:data1\" content=\"1 minute\" \/>\n<script type=\"application\/ld+json\" class=\"yoast-schema-graph\">{\"@context\":\"https:\/\/schema.org\",\"@graph\":[{\"@type\":\"WebPage\",\"@id\":\"https:\/\/2galsart.gr\/en\/product\/be-merry-set-of-4\/\",\"url\":\"https:\/\/2galsart.gr\/en\/product\/be-merry-set-of-4\/\",\"name\":\"Be Merry, set of 4 - 2GalsArt\",\"isPartOf\":{\"@id\":\"https:\/\/2galsart.gr\/en\/#website\"},\"datePublished\":\"2023-11-24T14:27:41+00:00\",\"dateModified\":\"2025-11-03T10:48:45+00:00\",\"breadcrumb\":{\"@id\":\"https:\/\/2galsart.gr\/en\/product\/be-merry-set-of-4\/#breadcrumb\"},\"inLanguage\":\"en-US\",\"potentialAction\":[{\"@type\":\"ReadAction\",\"target\":[[\"https:\/\/2galsart.gr\/en\/product\/be-merry-set-of-4\/\"]]}]},{\"@type\":\"BreadcrumbList\",\"@id\":\"https:\/\/2galsart.gr\/en\/product\/be-merry-set-of-4\/#breadcrumb\",\"itemListElement\":[{\"@type\":\"ListItem\",\"position\":1,\"name\":\"\u0391\u03c1\u03c7\u03b9\u03ba\u03ae\",\"item\":\"https:\/\/2galsart.gr\/en\/\"},{\"@type\":\"ListItem\",\"position\":2,\"name\":\"\u039a\u03b1\u03c4\u03ac\u03c3\u03c4\u03b7\u03bc\u03b1\",\"item\":\"https:\/\/2galsart.gr\/en\/shop\/\"},{\"@type\":\"ListItem\",\"position\":3,\"name\":\"Be Merry, set of 4\"}]},{\"@type\":\"WebSite\",\"@id\":\"https:\/\/2galsart.gr\/en\/#website\",\"url\":\"https:\/\/2galsart.gr\/en\/\",\"name\":\"2GalsArt\",\"description\":\"Handmade Jewelry Shop\",\"publisher\":{\"@id\":\"https:\/\/2galsart.gr\/en\/#organization\"},\"potentialAction\":[{\"@type\":\"SearchAction\",\"target\":{\"@type\":\"EntryPoint\",\"urlTemplate\":\"https:\/\/2galsart.gr\/en\/?s={search_term_string}\"},\"query-input\":\"required name=search_term_string\"}],\"inLanguage\":\"en-US\"},{\"@type\":\"Organization\",\"@id\":\"https:\/\/2galsart.gr\/en\/#organization\",\"name\":\"2GalsArt\",\"url\":\"https:\/\/2galsart.gr\/en\/\",\"logo\":{\"@type\":\"ImageObject\",\"inLanguage\":\"en-US\",\"@id\":\"https:\/\/2galsart.gr\/en\/#\/schema\/logo\/image\/\",\"url\":\"https:\/\/2galsart.gr\/wp-content\/uploads\/2020\/12\/2GalsLOGO-1-croped-1.png\",\"contentUrl\":\"https:\/\/2galsart.gr\/wp-content\/uploads\/2020\/12\/2GalsLOGO-1-croped-1.png\",\"width\":1033,\"height\":461,\"caption\":\"2GalsArt\"},\"image\":{\"@id\":\"https:\/\/2galsart.gr\/en\/#\/schema\/logo\/image\/\"},\"sameAs\":[\"https:\/\/www.facebook.com\/2GalsArt\",\"https:\/\/www.instagram.com\/2galsart\"]}]}<\/script>\n<!-- \/ Yoast SEO plugin. -->","yoast_head_json":{"title":"Be Merry, set of 4 - 2GalsArt","robots":{"index":"index","follow":"follow","max-snippet":"max-snippet:-1","max-image-preview":"max-image-preview:large","max-video-preview":"max-video-preview:-1"},"canonical":"https:\/\/2galsart.gr\/en\/product\/be-merry-set-of-4\/","og_locale":"en_US","og_type":"article","og_title":"Be Merry, set of 4 - 2GalsArt","og_description":"Be Merry \u2013 Set of 4 Handmade Macram\u00e9 OrnamentsBe Merry is a set of 4 handmade macram\u00e9 ornaments, designed to add a joyful, cozy, and festive touch to your Christmas d\u00e9cor. Perfect for decorating the tree, garlands, or as a unique gift for loved ones.","og_url":"https:\/\/2galsart.gr\/en\/product\/be-merry-set-of-4\/","og_site_name":"2GalsArt","article_publisher":"https:\/\/www.facebook.com\/2GalsArt","article_modified_time":"2025-11-03T10:48:45+00:00","og_image":[{"width":2560,"height":2560,"url":"https:\/\/2galsart.gr\/wp-content\/uploads\/2023\/11\/IMG_4972-scaled.jpg","type":"image\/jpeg"}],"twitter_card":"summary_large_image","twitter_misc":{"Est. reading time":"1 minute"},"schema":{"@context":"https:\/\/schema.org","@graph":[{"@type":"WebPage","@id":"https:\/\/2galsart.gr\/en\/product\/be-merry-set-of-4\/","url":"https:\/\/2galsart.gr\/en\/product\/be-merry-set-of-4\/","name":"Be Merry, set of 4 - 2GalsArt","isPartOf":{"@id":"https:\/\/2galsart.gr\/en\/#website"},"datePublished":"2023-11-24T14:27:41+00:00","dateModified":"2025-11-03T10:48:45+00:00","breadcrumb":{"@id":"https:\/\/2galsart.gr\/en\/product\/be-merry-set-of-4\/#breadcrumb"},"inLanguage":"en-US","potentialAction":[{"@type":"ReadAction","target":[["https:\/\/2galsart.gr\/en\/product\/be-merry-set-of-4\/"]]}]},{"@type":"BreadcrumbList","@id":"https:\/\/2galsart.gr\/en\/product\/be-merry-set-of-4\/#breadcrumb","itemListElement":[{"@type":"ListItem","position":1,"name":"\u0391\u03c1\u03c7\u03b9\u03ba\u03ae","item":"https:\/\/2galsart.gr\/en\/"},{"@type":"ListItem","position":2,"name":"\u039a\u03b1\u03c4\u03ac\u03c3\u03c4\u03b7\u03bc\u03b1","item":"https:\/\/2galsart.gr\/en\/shop\/"},{"@type":"ListItem","position":3,"name":"Be Merry, set of 4"}]},{"@type":"WebSite","@id":"https:\/\/2galsart.gr\/en\/#website","url":"https:\/\/2galsart.gr\/en\/","name":"2GalsArt","description":"Handmade Jewelry Shop","publisher":{"@id":"https:\/\/2galsart.gr\/en\/#organization"},"potentialAction":[{"@type":"SearchAction","target":{"@type":"EntryPoint","urlTemplate":"https:\/\/2galsart.gr\/en\/?s={search_term_string}"},"query-input":"required name=search_term_string"}],"inLanguage":"en-US"},{"@type":"Organization","@id":"https:\/\/2galsart.gr\/en\/#organization","name":"2GalsArt","url":"https:\/\/2galsart.gr\/en\/","logo":{"@type":"ImageObject","inLanguage":"en-US","@id":"https:\/\/2galsart.gr\/en\/#\/schema\/logo\/image\/","url":"https:\/\/2galsart.gr\/wp-content\/uploads\/2020\/12\/2GalsLOGO-1-croped-1.png","contentUrl":"https:\/\/2galsart.gr\/wp-content\/uploads\/2020\/12\/2GalsLOGO-1-croped-1.png","width":1033,"height":461,"caption":"2GalsArt"},"image":{"@id":"https:\/\/2galsart.gr\/en\/#\/schema\/logo\/image\/"},"sameAs":["https:\/\/www.facebook.com\/2GalsArt","https:\/\/www.instagram.com\/2galsart"]}]}},"_links":{"self":[{"href":"https:\/\/2galsart.gr\/en\/wp-json\/wp\/v2\/product\/10080"}],"collection":[{"href":"https:\/\/2galsart.gr\/en\/wp-json\/wp\/v2\/product"}],"about":[{"href":"https:\/\/2galsart.gr\/en\/wp-json\/wp\/v2\/types\/product"}],"replies":[{"embeddable":true,"href":"https:\/\/2galsart.gr\/en\/wp-json\/wp\/v2\/comments?post=10080"}],"wp:featuredmedia":[{"embeddable":true,"href":"https:\/\/2galsart.gr\/en\/wp-json\/wp\/v2\/media\/10078"}],"wp:attachment":[{"href":"https:\/\/2galsart.gr\/en\/wp-json\/wp\/v2\/media?parent=10080"}],"wp:term":[{"taxonomy":"product_cat","embeddable":true,"href":"https:\/\/2galsart.gr\/en\/wp-json\/wp\/v2\/product_cat?post=10080"},{"taxonomy":"product_tag","embeddable":true,"href":"https:\/\/2galsart.gr\/en\/wp-json\/wp\/v2\/product_tag?post=10080"},{"taxonomy":"giftcard-category","embeddable":true,"href":"https:\/\/2galsart.gr\/en\/wp-json\/wp\/v2\/giftcard-category?post=10080"}],"curies":[{"name":"wp","href":"https:\/\/api.w.org\/{rel}","templated":true}]}}